{"id":678,"date":"2018-05-25T20:19:29","date_gmt":"2018-05-25T20:19:29","guid":{"rendered":"https:\/\/themify.me\/demo\/themes\/ultra-app\/?page_id=6"},"modified":"2021-06-05T16:11:41","modified_gmt":"2021-06-05T16:11:41","slug":"home","status":"publish","type":"page","link":"https:\/\/tele1.sv\/","title":{"rendered":"Home"},"content":{"rendered":"<!--themify_builder_static--><a href=\"https:\/\/conceptoweb-studio.com\/radio\/video\/canaluno\/\" >En vivo <\/a> \n <a href=\"http:\/\/streamingcws40.com:1935\/canaluno\/videocanaluno\/playlist.m3u8\" rel=\"noopener noreferrer\" target=\"_blank\"> <img decoding=\"async\" src=\"https:\/\/tele1.sv\/wp-content\/uploads\/2019\/06\/ipad-app-2-1024x732-689x492.png\" width=\"689\" alt=\"ipad app 2\" srcset=\"https:\/\/tele1.sv\/wp-content\/uploads\/2019\/06\/ipad-app-2-1024x732-689x492.png 689w, https:\/\/tele1.sv\/wp-content\/uploads\/2019\/06\/ipad-app-2-300x215.png 300w, https:\/\/tele1.sv\/wp-content\/uploads\/2019\/06\/ipad-app-2-768x549.png 768w, https:\/\/tele1.sv\/wp-content\/uploads\/2019\/06\/ipad-app-2-1024x732.png 1024w, https:\/\/tele1.sv\/wp-content\/uploads\/2019\/06\/ipad-app-2.png 1482w\" sizes=\"(max-width: 689px) 100vw, 689px\" \/> <\/a> \n<h1>Programaci\u00f3n<br\/><\/h1>\n <h3>Callout Heading<\/h3> <p> Callout Text <\/p> \n <a href=\"https:\/\/themify.me\/\"> Action button <\/a> \n <h3>LUNES A VIERNES AL PUNTO<\/h3> <p> <\/p> \n <a href=\"#\"> 6:30 AM &#8211; 8:00 AM <\/a> \n <h3>PROGRAMAS RT REPRESSE<\/h3> <p> <\/p> \n <a href=\"#\"> 8:00 AM &#8211; 8:30 AM <\/a> \n <h3>PROGRAMAS RT<\/h3> <p> <\/p> \n <a href=\"#\"> 8:30 AM &#8211; 9:00 AM <\/a> \n <h3>LUNES A VIERNES POP CORN<\/h3> <p> <\/p> \n <a href=\"#\"> 9:00 AM &#8211; 10:00 AM <\/a> \n <h3>LUNES A VIERNES MUJER TV<\/h3> <p> <\/p> \n <a href=\"#\"> 10:00 AM &#8211; 12:00 MD <\/a> \n <h3>LUNES A VIERNES 8.COM<\/h3> <p> <\/p> \n <a href=\"#\"> 12:00 MD &#8211; 1:00 PM <\/a> \n <h3>LUNES A VIERNES NOTICIERO 1<\/h3> <p> <\/p> \n <a href=\"#\"> 1:00 PM &#8211; 2:00 PM <\/a> \n <h3>LUNES A VIERNES ZONA K-POP<\/h3> <p> <\/p> \n <a href=\"#\"> 2:00 PM &#8211; 3:00 PM <\/a> \n <h3>LUNES A VIERNES FRESH<\/h3> <p> <\/p> \n <a href=\"#\"> 3:00 PM &#8211; 5:00 PM <\/a> \n <h3>LUNES A VIERNES POP CORN KIDS<\/h3> <p> <\/p> \n <a href=\"#\"> 5:00 PM &#8211; 6:00 PM <\/a> \n <h3>LUNES A VIERNES POP CORN<\/h3> <p> <\/p> \n <a href=\"#\"> 6:00 PM &#8211; 7:00 PM <\/a> \n <h3>LUNES A VIERNES REPRISSE NOTICIERO 1<\/h3> <p> <\/p> \n <a href=\"#\"> 7:00 PM &#8211; 8:00 PM <\/a> \n <h3>LUNES A VIERNES 8.COM<\/h3> <p> <\/p> \n <a href=\"#\"> 8:00 PM &#8211; 9:00 PM <\/a> \n <h3>LUNES MINUTO ALBO<\/h3> <p> <\/p> \n <a href=\"#\"> 9:00 PM &#8211; 10:00 PM <\/a> \n <h3>MARTES A VIERNES GOLTV<\/h3> <p> <\/p> \n <a href=\"#\"> 9:00 PM &#8211; 10:00 PM <\/a> \n <h3>MARTES A VIERNES GOLTV<\/h3> <p> <\/p> \n <a href=\"#\"> 9:00 PM &#8211; 10:00 PM <\/a> \n <h3>DEEP HOUSE<\/h3> <p> <\/p> \n <a href=\"#\"> 11:00 PM &#8211; 12:00 PM <\/a> \n <h1>AL PUNTO\u00a0<\/h1> <hr \/> <p>\u00a0<\/p> \n <h4 style=\"text-align: justify;\">Un espacio de conversaci\u00f3n con personalidades que son noticia y generan opini\u00f3n en nuestro pa\u00eds, analistas destacados y tanques de pensamiento diariamente miden el pulso a la realidad nacional.<\/h4> \n <a href=\"https:\/\/tele1.sv\/index.php\/atencionciudadana\/\" >Ver m\u00e1s <\/a> \n <h1>8.COM<\/h1> <hr \/> <p>\u00a0<\/p> \n <p><b>Programa que recibe a destacados <\/b><b>personajes del entretenimiento y de la far\u00e1ndula salvadore\u00f1a.<\/b><\/p> \n <a href=\"https:\/\/tele1.sv\/index.php\/atencionciudadana\/\" >Ver m\u00e1s <\/a> \n <h1>CONSULTORIO 1<\/h1> <hr \/> <p>\u00a0<\/p> \n <h4 style=\"text-align: justify;\">Es un espacio televisivo enfocado en su totalidad a temas de salud, que busca informar, asistir y brindar servicio al publico como un consultorio real de un hospital sin necesidad de moverse de la comodidad de su casa.\u00a0<\/h4> \n <a href=\"https:\/\/tele1.sv\/index.php\/atencionciudadana\/\" >Ver m\u00e1s <\/a> \n <h1>MASCOTA TV\u00a0<\/h1> <hr \/> <p>\u00a0<\/p> \n <h4 style=\"text-align: justify;\">Es un programa para los amantes de las mascotas donde podr\u00e1s encontrar, consultas veterinarias, consejos, adopciones, rescates y premios para tus mascotas.<\/h4> \n <a href=\"https:\/\/tele1.sv\/index.php\/atencionciudadana\/\" >Ver m\u00e1s <\/a> \n <h1>\u00a1VA QUE S\u00cd!<\/h1> <hr \/> <p>\u00a0<\/p> \n <h4 style=\"text-align: justify;\">Programa juvenil\u00a0 dedicado a traer diversi\u00f3n, din\u00e1micas, v\u00eddeos virales, entretenimiento\u00a0 y muchas sorpresas m\u00e1s con Cesar Duran.<\/h4> \n <a href=\"https:\/\/tele1.sv\/index.php\/atencionciudadana\/\" >Ver m\u00e1s <\/a> \n <h1>FIT LIFE TV<\/h1> \n <h4 style=\"text-align: justify;\">PROGRAMA EN EL CUAL PODRAS APRENDER Y SEGUIR RUTINAS DE EJERCICIO, TIPS DE NUTRICION Y MUCHA MAS INFORMACION PARA QUE TE MANTENGAS FIT.<\/h4> \n <h1>NOTICIERO 1<\/h1> <hr \/> <p>\u00a0<\/p> \n <h4>NOTICIERO 1 ES EL ESPACIO INFORMATIVO DE NUESTRO MEDIO HERMANO DIARIO1.COM, CUENTA CON SU ESPACIO EN NUESTRA PROGRAMACI\u00d3N. ACOMPA\u00d1E A MAR\u00cdA JOS\u00c9 INFANTOZZI Y ALEJANDRA ROCHAC, JUNTO A SU EQUIPO DE PERIODISTAS POR UN RECORRIDO DIARIO DE LOS SUCESOS QUE MARCAN EL RUMBO DE NUESTRO PA\u00cdS.<\/h4> \n <h2>Cont\u00e1ctenos\u00a0<\/h2> \n <form action=\"https:\/\/tele1.sv\/wp-admin\/admin-ajax.php\" id=\"contact-0--form\" method=\"post\"> \n <label for=\"contact-0--contact-name\">Nombre *<\/label> <input type=\"text\" name=\"contact-name\" placeholder=\"\" id=\"contact-0--contact-name\" value=\"\" required \/> \n <label for=\"contact-0--contact-email\">Email *<\/label> <input type=\"text\" name=\"contact-email\" placeholder=\"\" id=\"contact-0--contact-email\" value=\"\" required \/> \n <label for=\"contact-0--contact-subject\">Asunto *<\/label> <input type=\"text\" name=\"contact-subject\" placeholder=\"\" id=\"contact-0--contact-subject\" value=\"\" required \/> <label for=\"contact-0--contact-message\">Mensaje *<\/label> <textarea name=\"contact-message\" placeholder=\"\" id=\"contact-0--contact-message\" rows=\"8\" cols=\"45\" required><\/textarea> <button type=\"submit\"> Send <\/button> <\/form>\n \n <link type=\"text\/css\" rel=\"stylesheet\" href=\"https:\/\/tele1.sv\/wp-content\/uploads\/themify-css\/themify-builder-1243-generated.css?ver=1581950336\" \/> <link type=\"text\/css\" rel=\"stylesheet\" href=\"\/\/fonts.googleapis.com\/css?family=Abel:regular\" \/> \n \n <img decoding=\"async\" src=\"https:\/\/tele1.sv\/wp-content\/uploads\/2019\/06\/TELE1_FINAL_BLUE-1-149x84.png\" height=\"84\" alt=\"TELE1_FINAL_BLUE 1\" srcset=\"https:\/\/tele1.sv\/wp-content\/uploads\/2019\/06\/TELE1_FINAL_BLUE-1-149x84.png 149w, https:\/\/tele1.sv\/wp-content\/uploads\/2019\/06\/TELE1_FINAL_BLUE-1-300x169.png 300w, https:\/\/tele1.sv\/wp-content\/uploads\/2019\/06\/TELE1_FINAL_BLUE-1.png 500w\" sizes=\"(max-width: 149px) 100vw, 149px\" \/> \n <p style=\"text-align: center;\">Created By <strong><a href=\"https:\/\/www.facebook.com\/sv.boost\/\">BoostSV<\/a><\/strong><\/p> \n \n <ul id=\"menu-main-navigation\"><li id=\"menu-item-726\"><a href=\"#\">Programas<\/a> <ul> <li id=\"menu-item-679\"><a href=\"https:\/\/tele1.sv\/#alpunto\">AL PUNTO<\/a><\/li> <li id=\"menu-item-680\"><a href=\"https:\/\/tele1.sv\/#atencion\">ATENCI\u00d3N CIUDADANA<\/a><\/li> <li id=\"menu-item-681\"><a href=\"https:\/\/tele1.sv\/#conexion\">CONEXI\u00d3N EMPRESARIAL<\/a><\/li> <li id=\"menu-item-1463\"><a href=\"#fit\">FIT LIFE TV<\/a><\/li> <li id=\"menu-item-1464\"><a href=\"#valores\">VALORES<\/a><\/li> <li id=\"menu-item-1465\"><a href=\"#breakfast\">BREAKFAST PLAYLIST<\/a><\/li> <li id=\"menu-item-1466\"><a href=\"#menu\">MI MENU<\/a><\/li> <li id=\"menu-item-725\"><a href=\"https:\/\/tele1.sv\/#noticiero\">NOTICIERO 1<\/a><\/li> <\/ul> <\/li> <li id=\"menu-item-1021\"><a href=\"https:\/\/tele1.sv\/#feed\">Contenido<\/a><\/li> <li id=\"menu-item-682\"><a href=\"https:\/\/tele1.sv\/#contact\">Contactenos<\/a><\/li> <li id=\"menu-item-683\"><a href=\"http:\/\/streamingcws40.com:1935\/canaluno\/videocanaluno\/playlist.m3u8\">En vivo<\/a><\/li> <\/ul> \n \n <h2>Entradas recientes<\/h2> <ul> <li> <a href=\"https:\/\/tele1.sv\/index.php\/2019\/07\/15\/atencion-ciudadana\/\">Entrevista 16 de julio 2019<\/a> <\/li> <li> <a href=\"https:\/\/tele1.sv\/index.php\/2019\/07\/15\/entrevista-15-de-julio-2019\/\">Entrevista 15 de julio 2019<\/a> <\/li> <li> <a href=\"https:\/\/tele1.sv\/index.php\/2019\/07\/12\/entrevista-12-de-julio-2019-genaro-ramirez\/\">Entrevista 12 de julio 2019 Genaro Ram\u00edrez<\/a> <\/li> <\/ul> \n \n Km 12, Carretera al Puerto de la Libertad, Santa Tecla 2246-2121 \n <ul> <li> <a href=\"https:\/\/www.facebook.com\/tele1.sv\/\" target=\"_blank\" rel=\"noopener noreferrer\"> <\/a> <\/li> <li> <a href=\"https:\/\/twitter.com\/tele1sv\" target=\"_blank\" rel=\"noopener noreferrer\"> <\/a> <\/li> <li> <a href=\"https:\/\/www.instagram.com\/tele1.sv\/\" target=\"_blank\" rel=\"noopener noreferrer\"> <\/a> <\/li> <li> <a href=\"https:\/\/www.youtube.com\/\" target=\"_blank\" rel=\"noopener noreferrer\"> <\/a> <\/li> <\/ul><!--\/themify_builder_static-->","protected":false},"excerpt":{"rendered":"<p>En vivo Programaci\u00f3n Callout Heading Callout Text Action button LUNES A VIERNES AL PUNTO 6:30 AM &#8211; 8:00 AM PROGRAMAS RT REPRESSE 8:00 AM &#8211; 8:30 AM PROGRAMAS RT 8:30 AM &#8211; 9:00 AM LUNES A VIERNES POP CORN 9:00 AM &#8211; 10:00 AM LUNES A VIERNES MUJER TV 10:00 AM &#8211; 12:00 MD LUNES [&hellip;]<\/p>\n","protected":false},"author":1,"featured_media":0,"parent":0,"menu_order":0,"comment_status":"closed","ping_status":"closed","template":"","meta":{"footnotes":""},"class_list":["post-678","page","type-page","status-publish","hentry"],"_links":{"self":[{"href":"https:\/\/tele1.sv\/index.php\/wp-json\/wp\/v2\/pages\/678","targetHints":{"allow":["GET"]}}],"collection":[{"href":"https:\/\/tele1.sv\/index.php\/wp-json\/wp\/v2\/pages"}],"about":[{"href":"https:\/\/tele1.sv\/index.php\/wp-json\/wp\/v2\/types\/page"}],"author":[{"embeddable":true,"href":"https:\/\/tele1.sv\/index.php\/wp-json\/wp\/v2\/users\/1"}],"replies":[{"embeddable":true,"href":"https:\/\/tele1.sv\/index.php\/wp-json\/wp\/v2\/comments?post=678"}],"version-history":[{"count":539,"href":"https:\/\/tele1.sv\/index.php\/wp-json\/wp\/v2\/pages\/678\/revisions"}],"predecessor-version":[{"id":1808,"href":"https:\/\/tele1.sv\/index.php\/wp-json\/wp\/v2\/pages\/678\/revisions\/1808"}],"wp:attachment":[{"href":"https:\/\/tele1.sv\/index.php\/wp-json\/wp\/v2\/media?parent=678"}],"curies":[{"name":"wp","href":"https:\/\/api.w.org\/{rel}","templated":true}]}}